{"id":5143,"date":"2022-11-02T15:25:03","date_gmt":"2022-11-02T14:25:03","guid":{"rendered":"https:\/\/btm.sk\/WP\/?post_type=product&#038;p=5143"},"modified":"2022-12-30T14:22:20","modified_gmt":"2022-12-30T13:22:20","slug":"vianocny-pribeh-betlehem","status":"publish","type":"product","link":"https:\/\/btm.sk\/WP\/produkt\/vianocny-pribeh-betlehem\/","title":{"rendered":"viano\u010dn\u00fd pr\u00edbeh &#8211; Betlehem"},"content":{"rendered":"","protected":false},"excerpt":{"rendered":"<p>Ma\u013eovanka s biblick\u00fdm pr\u00edbehom. (ve\u013ekos\u0165 A5)<\/p>\n","protected":false},"featured_media":5131,"comment_status":"closed","ping_status":"closed","template":"","meta":[],"_links":{"self":[{"href":"https:\/\/btm.sk\/WP\/wp-json\/wp\/v2\/product\/5143"}],"collection":[{"href":"https:\/\/btm.sk\/WP\/wp-json\/wp\/v2\/product"}],"about":[{"href":"https:\/\/btm.sk\/WP\/wp-json\/wp\/v2\/types\/product"}],"replies":[{"embeddable":true,"href":"https:\/\/btm.sk\/WP\/wp-json\/wp\/v2\/comments?post=5143"}],"wp:featuredmedia":[{"embeddable":true,"href":"https:\/\/btm.sk\/WP\/wp-json\/wp\/v2\/media\/5131"}],"wp:attachment":[{"href":"https:\/\/btm.sk\/WP\/wp-json\/wp\/v2\/media?parent=5143"}],"curies":[{"name":"wp","href":"https:\/\/api.w.org\/{rel}","templated":true}]}}