{"id":5141,"date":"2022-11-02T15:21:19","date_gmt":"2022-11-02T14:21:19","guid":{"rendered":"https:\/\/btm.sk\/WP\/?post_type=product&#038;p=5141"},"modified":"2025-02-10T15:25:47","modified_gmt":"2025-02-10T14:25:47","slug":"vianocna-identita","status":"publish","type":"product","link":"https:\/\/btm.sk\/WP\/produkt\/vianocna-identita\/","title":{"rendered":"viano\u010dn\u00e1 identita"},"content":{"rendered":"","protected":false},"excerpt":{"rendered":"<p>Ve\u013emi radi svoju identitu formujeme pod\u013ea svojho povolania, kari\u00e9ry, spolo\u010densk\u00e9ho statusu. Av\u0161ak iba Kristus n\u00e1m d\u00e1va na\u0161u pravdiv\u00fa identitu, ktor\u00e1 n\u00e1m vracia jedine\u010dnos\u0165 a prizn\u00e1va \u0161tat\u00fat rovnocenn\u00fdch, rovnako milovan\u00fdch a prij\u00edman\u00fdch Bo\u017e\u00edch det\u00ed.<\/p>\n","protected":false},"featured_media":5128,"comment_status":"closed","ping_status":"closed","template":"","meta":[],"_links":{"self":[{"href":"https:\/\/btm.sk\/WP\/wp-json\/wp\/v2\/product\/5141"}],"collection":[{"href":"https:\/\/btm.sk\/WP\/wp-json\/wp\/v2\/product"}],"about":[{"href":"https:\/\/btm.sk\/WP\/wp-json\/wp\/v2\/types\/product"}],"replies":[{"embeddable":true,"href":"https:\/\/btm.sk\/WP\/wp-json\/wp\/v2\/comments?post=5141"}],"wp:featuredmedia":[{"embeddable":true,"href":"https:\/\/btm.sk\/WP\/wp-json\/wp\/v2\/media\/5128"}],"wp:attachment":[{"href":"https:\/\/btm.sk\/WP\/wp-json\/wp\/v2\/media?parent=5141"}],"curies":[{"name":"wp","href":"https:\/\/api.w.org\/{rel}","templated":true}]}}