{"id":5047,"date":"2022-10-06T21:19:55","date_gmt":"2022-10-06T19:19:55","guid":{"rendered":"https:\/\/btm.sk\/WP\/?post_type=product&#038;p=5047"},"modified":"2025-01-24T15:03:10","modified_gmt":"2025-01-24T14:03:10","slug":"modlitba-3","status":"publish","type":"product","link":"https:\/\/btm.sk\/WP\/produkt\/modlitba-3\/","title":{"rendered":"modlitba"},"content":{"rendered":"","protected":false},"excerpt":{"rendered":"<p>Minipoh\u013eadnica s biblick\u00fdmi ver\u0161ami zo \u017dalmov 25, 86 a 90.<\/p>\n","protected":false},"featured_media":5030,"comment_status":"closed","ping_status":"closed","template":"","meta":[],"_links":{"self":[{"href":"https:\/\/btm.sk\/WP\/wp-json\/wp\/v2\/product\/5047"}],"collection":[{"href":"https:\/\/btm.sk\/WP\/wp-json\/wp\/v2\/product"}],"about":[{"href":"https:\/\/btm.sk\/WP\/wp-json\/wp\/v2\/types\/product"}],"replies":[{"embeddable":true,"href":"https:\/\/btm.sk\/WP\/wp-json\/wp\/v2\/comments?post=5047"}],"wp:featuredmedia":[{"embeddable":true,"href":"https:\/\/btm.sk\/WP\/wp-json\/wp\/v2\/media\/5030"}],"wp:attachment":[{"href":"https:\/\/btm.sk\/WP\/wp-json\/wp\/v2\/media?parent=5047"}],"curies":[{"name":"wp","href":"https:\/\/api.w.org\/{rel}","templated":true}]}}