{"id":4925,"date":"2022-06-08T10:53:33","date_gmt":"2022-06-08T08:53:33","guid":{"rendered":"https:\/\/btm.sk\/WP\/?post_type=product&#038;p=4925"},"modified":"2025-02-10T16:36:41","modified_gmt":"2025-02-10T15:36:41","slug":"boh-sa-nemeni","status":"publish","type":"product","link":"https:\/\/btm.sk\/WP\/produkt\/boh-sa-nemeni\/","title":{"rendered":"BOH sa nemen\u00ed&#8230;"},"content":{"rendered":"","protected":false},"excerpt":{"rendered":"<p>Poh\u013eadnica s biblick\u00fdmi ver\u0161ami zo \u017ealmu 102,26-28 a kr\u00e1tkou b\u00e1s\u0148ou o Bo\u017eej bl\u00edzkosti.<\/p>\n","protected":false},"featured_media":4911,"comment_status":"closed","ping_status":"closed","template":"","meta":[],"_links":{"self":[{"href":"https:\/\/btm.sk\/WP\/wp-json\/wp\/v2\/product\/4925"}],"collection":[{"href":"https:\/\/btm.sk\/WP\/wp-json\/wp\/v2\/product"}],"about":[{"href":"https:\/\/btm.sk\/WP\/wp-json\/wp\/v2\/types\/product"}],"replies":[{"embeddable":true,"href":"https:\/\/btm.sk\/WP\/wp-json\/wp\/v2\/comments?post=4925"}],"wp:featuredmedia":[{"embeddable":true,"href":"https:\/\/btm.sk\/WP\/wp-json\/wp\/v2\/media\/4911"}],"wp:attachment":[{"href":"https:\/\/btm.sk\/WP\/wp-json\/wp\/v2\/media?parent=4925"}],"curies":[{"name":"wp","href":"https:\/\/api.w.org\/{rel}","templated":true}]}}