{"id":4923,"date":"2022-06-08T10:51:09","date_gmt":"2022-06-08T08:51:09","guid":{"rendered":"https:\/\/btm.sk\/WP\/?post_type=product&#038;p=4923"},"modified":"2024-02-08T18:05:31","modified_gmt":"2024-02-08T17:05:31","slug":"stara-zaprasena-kniha","status":"publish","type":"product","link":"https:\/\/btm.sk\/WP\/produkt\/stara-zaprasena-kniha\/","title":{"rendered":"star\u00e1 zapr\u00e1\u0161en\u00e1 kniha"},"content":{"rendered":"","protected":false},"excerpt":{"rendered":"<p>Bro\u017e\u00farka, ktor\u00e1 pon\u00faka kr\u00e1tkeho a zrozumite\u013en\u00e9ho sprievodcu t\u00fdm, ktor\u00ed sa Biblii vyh\u00fdbaj\u00fa preto, \u017ee je dlh\u00e1, nepreh\u013eadn\u00e1, nezrozumite\u013en\u00e1, rozporupln\u00e1, upravovan\u00e1, poprepisovan\u00e1 a&#8230; tak \u010falej. Na jej 20 ministran\u00e1ch pon\u00fakame iba to NAJPODSTATNEJ\u0160IE, \u010do n\u00e1m t\u00e1to tis\u00edcro\u010dia star\u00e1 kniha prin\u00e1\u0161a ako POSOLSTVO \u017dIVOTA.<\/p>\n","protected":false},"featured_media":4915,"comment_status":"closed","ping_status":"closed","template":"","meta":[],"_links":{"self":[{"href":"https:\/\/btm.sk\/WP\/wp-json\/wp\/v2\/product\/4923"}],"collection":[{"href":"https:\/\/btm.sk\/WP\/wp-json\/wp\/v2\/product"}],"about":[{"href":"https:\/\/btm.sk\/WP\/wp-json\/wp\/v2\/types\/product"}],"replies":[{"embeddable":true,"href":"https:\/\/btm.sk\/WP\/wp-json\/wp\/v2\/comments?post=4923"}],"wp:featuredmedia":[{"embeddable":true,"href":"https:\/\/btm.sk\/WP\/wp-json\/wp\/v2\/media\/4915"}],"wp:attachment":[{"href":"https:\/\/btm.sk\/WP\/wp-json\/wp\/v2\/media?parent=4923"}],"curies":[{"name":"wp","href":"https:\/\/api.w.org\/{rel}","templated":true}]}}