{"id":4909,"date":"2022-06-08T10:46:19","date_gmt":"2022-06-08T08:46:19","guid":{"rendered":"https:\/\/btm.sk\/WP\/?post_type=product&#038;p=4909"},"modified":"2025-02-10T15:41:50","modified_gmt":"2025-02-10T14:41:50","slug":"ahoj-hello","status":"publish","type":"product","link":"https:\/\/btm.sk\/WP\/produkt\/ahoj-hello\/","title":{"rendered":"AHOJ\/hello"},"content":{"rendered":"","protected":false},"excerpt":{"rendered":"<p>Samolepky s vysvetlen\u00edm, \u010do znamen\u00e1 pozdrav AHOJ &#8211; Ad HOnorem Jesu.<\/p>\n","protected":false},"featured_media":4912,"comment_status":"closed","ping_status":"closed","template":"","meta":[],"_links":{"self":[{"href":"https:\/\/btm.sk\/WP\/wp-json\/wp\/v2\/product\/4909"}],"collection":[{"href":"https:\/\/btm.sk\/WP\/wp-json\/wp\/v2\/product"}],"about":[{"href":"https:\/\/btm.sk\/WP\/wp-json\/wp\/v2\/types\/product"}],"replies":[{"embeddable":true,"href":"https:\/\/btm.sk\/WP\/wp-json\/wp\/v2\/comments?post=4909"}],"wp:featuredmedia":[{"embeddable":true,"href":"https:\/\/btm.sk\/WP\/wp-json\/wp\/v2\/media\/4912"}],"wp:attachment":[{"href":"https:\/\/btm.sk\/WP\/wp-json\/wp\/v2\/media?parent=4909"}],"curies":[{"name":"wp","href":"https:\/\/api.w.org\/{rel}","templated":true}]}}