{"id":4863,"date":"2022-04-10T10:04:14","date_gmt":"2022-04-10T08:04:14","guid":{"rendered":"https:\/\/btm.sk\/WP\/?post_type=product&#038;p=4863"},"modified":"2025-02-10T15:26:01","modified_gmt":"2025-02-10T14:26:01","slug":"ciara-medzi-dobrom-a-zlom","status":"publish","type":"product","link":"https:\/\/btm.sk\/WP\/produkt\/ciara-medzi-dobrom-a-zlom\/","title":{"rendered":"\u010ciara medzi DOBROM a ZLOM"},"content":{"rendered":"","protected":false},"excerpt":{"rendered":"<p>Na\u0161e srdce je rozdelen\u00e9 hrani\u010dnou \u010diarou na dve z\u00f3ny, medzi ktor\u00fdmi\u00a0 prebieha neust\u00e1ly boj! Na\u0161a slobodn\u00e1 v\u00f4\u013ea si stokr\u00e1t za de\u0148 vyber\u00e1 z dvoch mo\u017enost\u00ed: zvoli\u0165 dokonal\u00e9 alebo nedokonal\u00e9 rie\u0161enie, DOBRO alebo ZLO!<\/p>\n","protected":false},"featured_media":4856,"comment_status":"closed","ping_status":"closed","template":"","meta":[],"_links":{"self":[{"href":"https:\/\/btm.sk\/WP\/wp-json\/wp\/v2\/product\/4863"}],"collection":[{"href":"https:\/\/btm.sk\/WP\/wp-json\/wp\/v2\/product"}],"about":[{"href":"https:\/\/btm.sk\/WP\/wp-json\/wp\/v2\/types\/product"}],"replies":[{"embeddable":true,"href":"https:\/\/btm.sk\/WP\/wp-json\/wp\/v2\/comments?post=4863"}],"wp:featuredmedia":[{"embeddable":true,"href":"https:\/\/btm.sk\/WP\/wp-json\/wp\/v2\/media\/4856"}],"wp:attachment":[{"href":"https:\/\/btm.sk\/WP\/wp-json\/wp\/v2\/media?parent=4863"}],"curies":[{"name":"wp","href":"https:\/\/api.w.org\/{rel}","templated":true}]}}