{"id":4862,"date":"2022-04-10T10:01:54","date_gmt":"2022-04-10T08:01:54","guid":{"rendered":"https:\/\/btm.sk\/WP\/?post_type=product&#038;p=4862"},"modified":"2025-02-10T16:19:40","modified_gmt":"2025-02-10T15:19:40","slug":"materinska-laska-2","status":"publish","type":"product","link":"https:\/\/btm.sk\/WP\/produkt\/materinska-laska-2\/","title":{"rendered":"materinsk\u00e1 l\u00e1ska"},"content":{"rendered":"","protected":false},"excerpt":{"rendered":"<p>Neexistuje \u017eiadna z\u00e1zra\u010dn\u00e1 rada, ako by\u0165 dobrou mamou&#8230; Ka\u017ed\u00e1 situ\u00e1cia je jedine\u010dn\u00e1, na ka\u017ed\u00fa matku \u010dakaj\u00fa in\u00e9 v\u00fdzvy. Ka\u017ed\u00e1 m\u00e1 in\u00e9 mo\u017enosti a\u00a0 schopnosti a, samozrejme, in\u00e9 deti.<\/p>\n","protected":false},"featured_media":4853,"comment_status":"closed","ping_status":"closed","template":"","meta":[],"_links":{"self":[{"href":"https:\/\/btm.sk\/WP\/wp-json\/wp\/v2\/product\/4862"}],"collection":[{"href":"https:\/\/btm.sk\/WP\/wp-json\/wp\/v2\/product"}],"about":[{"href":"https:\/\/btm.sk\/WP\/wp-json\/wp\/v2\/types\/product"}],"replies":[{"embeddable":true,"href":"https:\/\/btm.sk\/WP\/wp-json\/wp\/v2\/comments?post=4862"}],"wp:featuredmedia":[{"embeddable":true,"href":"https:\/\/btm.sk\/WP\/wp-json\/wp\/v2\/media\/4853"}],"wp:attachment":[{"href":"https:\/\/btm.sk\/WP\/wp-json\/wp\/v2\/media?parent=4862"}],"curies":[{"name":"wp","href":"https:\/\/api.w.org\/{rel}","templated":true}]}}