{"id":4861,"date":"2022-04-10T10:00:34","date_gmt":"2022-04-10T08:00:34","guid":{"rendered":"https:\/\/btm.sk\/WP\/?post_type=product&#038;p=4861"},"modified":"2025-02-10T16:36:57","modified_gmt":"2025-02-10T15:36:57","slug":"nauc-ma-2","status":"publish","type":"product","link":"https:\/\/btm.sk\/WP\/produkt\/nauc-ma-2\/","title":{"rendered":"Nau\u010d ma&#8230;"},"content":{"rendered":"","protected":false},"excerpt":{"rendered":"<p>Len BOH je cesta, ale TY ju m\u00f4\u017ee\u0161 uk\u00e1za\u0165 ostatn\u00fdm, len BOH je svetlo, ale TY ho m\u00f4\u017ee\u0161 v druh\u00fdch zap\u00e1li\u0165, len BOH m\u00f4\u017ee da\u0165 silu, ale TY m\u00f4\u017ee\u0161 by\u0165 oporou&#8230;<br \/>\n(poh\u013eadnica &#8211; d\u00e1 sa pou\u017ei\u0165 aj ako blaho\u017eelanie)<\/p>\n","protected":false},"featured_media":4852,"comment_status":"closed","ping_status":"closed","template":"","meta":[],"_links":{"self":[{"href":"https:\/\/btm.sk\/WP\/wp-json\/wp\/v2\/product\/4861"}],"collection":[{"href":"https:\/\/btm.sk\/WP\/wp-json\/wp\/v2\/product"}],"about":[{"href":"https:\/\/btm.sk\/WP\/wp-json\/wp\/v2\/types\/product"}],"replies":[{"embeddable":true,"href":"https:\/\/btm.sk\/WP\/wp-json\/wp\/v2\/comments?post=4861"}],"wp:featuredmedia":[{"embeddable":true,"href":"https:\/\/btm.sk\/WP\/wp-json\/wp\/v2\/media\/4852"}],"wp:attachment":[{"href":"https:\/\/btm.sk\/WP\/wp-json\/wp\/v2\/media?parent=4861"}],"curies":[{"name":"wp","href":"https:\/\/api.w.org\/{rel}","templated":true}]}}