{"id":4859,"date":"2022-04-10T09:57:13","date_gmt":"2022-04-10T07:57:13","guid":{"rendered":"https:\/\/btm.sk\/WP\/?post_type=product&#038;p=4859"},"modified":"2025-02-10T15:21:38","modified_gmt":"2025-02-10T14:21:38","slug":"manzelstvo-zomiera","status":"publish","type":"product","link":"https:\/\/btm.sk\/WP\/produkt\/manzelstvo-zomiera\/","title":{"rendered":"Man\u017eelstvo zomiera?"},"content":{"rendered":"","protected":false},"excerpt":{"rendered":"<p>Zd\u00e1 sa, \u017ee prastar\u00e1 man\u017eelsk\u00e1 in\u0161tit\u00facia zanik\u00e1! Z\u00e1ujem o vstup do nej je z roka na rok men\u0161\u00ed. \u010co sa to stalo? Pre\u010do je to tak?<\/p>\n","protected":false},"featured_media":4855,"comment_status":"closed","ping_status":"closed","template":"","meta":[],"_links":{"self":[{"href":"https:\/\/btm.sk\/WP\/wp-json\/wp\/v2\/product\/4859"}],"collection":[{"href":"https:\/\/btm.sk\/WP\/wp-json\/wp\/v2\/product"}],"about":[{"href":"https:\/\/btm.sk\/WP\/wp-json\/wp\/v2\/types\/product"}],"replies":[{"embeddable":true,"href":"https:\/\/btm.sk\/WP\/wp-json\/wp\/v2\/comments?post=4859"}],"wp:featuredmedia":[{"embeddable":true,"href":"https:\/\/btm.sk\/WP\/wp-json\/wp\/v2\/media\/4855"}],"wp:attachment":[{"href":"https:\/\/btm.sk\/WP\/wp-json\/wp\/v2\/media?parent=4859"}],"curies":[{"name":"wp","href":"https:\/\/api.w.org\/{rel}","templated":true}]}}