{"id":4823,"date":"2022-03-08T22:44:53","date_gmt":"2022-03-08T21:44:53","guid":{"rendered":"https:\/\/btm.sk\/WP\/?post_type=product&#038;p=4823"},"modified":"2025-01-24T15:03:18","modified_gmt":"2025-01-24T14:03:18","slug":"teraz","status":"publish","type":"product","link":"https:\/\/btm.sk\/WP\/produkt\/teraz\/","title":{"rendered":"teraz"},"content":{"rendered":"","protected":false},"excerpt":{"rendered":"<p>Kr\u00e1tke zamyslenie s biblik\u00fdm ver\u0161om z 2. listu Korintsk\u00fdm 6,2.<\/p>\n","protected":false},"featured_media":4815,"comment_status":"closed","ping_status":"closed","template":"","meta":[],"_links":{"self":[{"href":"https:\/\/btm.sk\/WP\/wp-json\/wp\/v2\/product\/4823"}],"collection":[{"href":"https:\/\/btm.sk\/WP\/wp-json\/wp\/v2\/product"}],"about":[{"href":"https:\/\/btm.sk\/WP\/wp-json\/wp\/v2\/types\/product"}],"replies":[{"embeddable":true,"href":"https:\/\/btm.sk\/WP\/wp-json\/wp\/v2\/comments?post=4823"}],"wp:featuredmedia":[{"embeddable":true,"href":"https:\/\/btm.sk\/WP\/wp-json\/wp\/v2\/media\/4815"}],"wp:attachment":[{"href":"https:\/\/btm.sk\/WP\/wp-json\/wp\/v2\/media?parent=4823"}],"curies":[{"name":"wp","href":"https:\/\/api.w.org\/{rel}","templated":true}]}}