{"id":4822,"date":"2022-03-08T22:43:28","date_gmt":"2022-03-08T21:43:28","guid":{"rendered":"https:\/\/btm.sk\/WP\/?post_type=product&#038;p=4822"},"modified":"2025-02-10T15:31:19","modified_gmt":"2025-02-10T14:31:19","slug":"vevericka","status":"publish","type":"product","link":"https:\/\/btm.sk\/WP\/produkt\/vevericka\/","title":{"rendered":"veveri\u010dka"},"content":{"rendered":"","protected":false},"excerpt":{"rendered":"<p>\u010eal\u0161ia z ob\u013e\u00fabenej s\u00e9rie magnetiek s bilbick\u00fdm ver\u0161om zo \u017dalmu 3,25.<\/p>\n","protected":false},"featured_media":4818,"comment_status":"closed","ping_status":"closed","template":"","meta":[],"_links":{"self":[{"href":"https:\/\/btm.sk\/WP\/wp-json\/wp\/v2\/product\/4822"}],"collection":[{"href":"https:\/\/btm.sk\/WP\/wp-json\/wp\/v2\/product"}],"about":[{"href":"https:\/\/btm.sk\/WP\/wp-json\/wp\/v2\/types\/product"}],"replies":[{"embeddable":true,"href":"https:\/\/btm.sk\/WP\/wp-json\/wp\/v2\/comments?post=4822"}],"wp:featuredmedia":[{"embeddable":true,"href":"https:\/\/btm.sk\/WP\/wp-json\/wp\/v2\/media\/4818"}],"wp:attachment":[{"href":"https:\/\/btm.sk\/WP\/wp-json\/wp\/v2\/media?parent=4822"}],"curies":[{"name":"wp","href":"https:\/\/api.w.org\/{rel}","templated":true}]}}