{"id":4821,"date":"2022-03-08T22:42:32","date_gmt":"2022-03-08T21:42:32","guid":{"rendered":"https:\/\/btm.sk\/WP\/?post_type=product&#038;p=4821"},"modified":"2025-02-10T16:37:17","modified_gmt":"2025-02-10T15:37:17","slug":"hladajte-najprv","status":"publish","type":"product","link":"https:\/\/btm.sk\/WP\/produkt\/hladajte-najprv\/","title":{"rendered":"h\u013eadajte najprv&#8230;"},"content":{"rendered":"","protected":false},"excerpt":{"rendered":"<p>Ktor\u00e9 veci maj\u00fa ve\u010dn\u00fa hodnotu a do n\u00e1\u0161ho \u017eivota prines\u00fa u\u017e teraz trval\u00fd pokoj, rados\u0165, \u0161\u0165astie a naplnenie?<\/p>\n","protected":false},"featured_media":4816,"comment_status":"closed","ping_status":"closed","template":"","meta":[],"_links":{"self":[{"href":"https:\/\/btm.sk\/WP\/wp-json\/wp\/v2\/product\/4821"}],"collection":[{"href":"https:\/\/btm.sk\/WP\/wp-json\/wp\/v2\/product"}],"about":[{"href":"https:\/\/btm.sk\/WP\/wp-json\/wp\/v2\/types\/product"}],"replies":[{"embeddable":true,"href":"https:\/\/btm.sk\/WP\/wp-json\/wp\/v2\/comments?post=4821"}],"wp:featuredmedia":[{"embeddable":true,"href":"https:\/\/btm.sk\/WP\/wp-json\/wp\/v2\/media\/4816"}],"wp:attachment":[{"href":"https:\/\/btm.sk\/WP\/wp-json\/wp\/v2\/media?parent=4821"}],"curies":[{"name":"wp","href":"https:\/\/api.w.org\/{rel}","templated":true}]}}