{"id":4820,"date":"2022-03-08T22:40:11","date_gmt":"2022-03-08T21:40:11","guid":{"rendered":"https:\/\/btm.sk\/WP\/?post_type=product&#038;p=4820"},"modified":"2025-02-10T15:26:17","modified_gmt":"2025-02-10T14:26:17","slug":"kde-sa-konci-zakon-a-kde-sa-zacina-milost","status":"publish","type":"product","link":"https:\/\/btm.sk\/WP\/produkt\/kde-sa-konci-zakon-a-kde-sa-zacina-milost\/","title":{"rendered":"Kde sa kon\u010d\u00ed z\u00e1kon a kde sa za\u010d\u00edna milos\u0165"},"content":{"rendered":"","protected":false},"excerpt":{"rendered":"<p>Bezdomovci &#8211; v\u0161etci ich pozn\u00e1me, ka\u017ed\u00fd sa u\u017e s nimi ur\u010dite stretol. Obch\u00e1dzame ich, vyh\u00fdbame sa im, alebo im aj nie\u010do d\u00e1me? Ak\u00e9 m\u00e1te s nimi\u00a0 sk\u00fasenosti vy? Pon\u00fakame v\u00e1m na zamyslenie skuto\u010dn\u00fd pr\u00edbeh&#8230;<\/p>\n","protected":false},"featured_media":4817,"comment_status":"closed","ping_status":"closed","template":"","meta":[],"_links":{"self":[{"href":"https:\/\/btm.sk\/WP\/wp-json\/wp\/v2\/product\/4820"}],"collection":[{"href":"https:\/\/btm.sk\/WP\/wp-json\/wp\/v2\/product"}],"about":[{"href":"https:\/\/btm.sk\/WP\/wp-json\/wp\/v2\/types\/product"}],"replies":[{"embeddable":true,"href":"https:\/\/btm.sk\/WP\/wp-json\/wp\/v2\/comments?post=4820"}],"wp:featuredmedia":[{"embeddable":true,"href":"https:\/\/btm.sk\/WP\/wp-json\/wp\/v2\/media\/4817"}],"wp:attachment":[{"href":"https:\/\/btm.sk\/WP\/wp-json\/wp\/v2\/media?parent=4820"}],"curies":[{"name":"wp","href":"https:\/\/api.w.org\/{rel}","templated":true}]}}