{"id":4765,"date":"2022-01-25T12:30:18","date_gmt":"2022-01-25T11:30:18","guid":{"rendered":"https:\/\/btm.sk\/WP\/?post_type=product&#038;p=4765"},"modified":"2025-02-10T15:42:00","modified_gmt":"2025-02-10T14:42:00","slug":"neposlusny-jonas","status":"publish","type":"product","link":"https:\/\/btm.sk\/WP\/produkt\/neposlusny-jonas\/","title":{"rendered":"neposlu\u0161n\u00fd Jon\u00e1\u0161"},"content":{"rendered":"","protected":false},"excerpt":{"rendered":"<p>Kto by nepoznal rozpr\u00e1vanie o Jon\u00e1\u0161ovi, prorokovi, ktor\u00fd utekal pred Bohom? Z obr\u00e1zkov sa d\u00e1 posklada\u0165 cel\u00fd jeho pr\u00edbeh.<\/p>\n","protected":false},"featured_media":4755,"comment_status":"closed","ping_status":"closed","template":"","meta":[],"_links":{"self":[{"href":"https:\/\/btm.sk\/WP\/wp-json\/wp\/v2\/product\/4765"}],"collection":[{"href":"https:\/\/btm.sk\/WP\/wp-json\/wp\/v2\/product"}],"about":[{"href":"https:\/\/btm.sk\/WP\/wp-json\/wp\/v2\/types\/product"}],"replies":[{"embeddable":true,"href":"https:\/\/btm.sk\/WP\/wp-json\/wp\/v2\/comments?post=4765"}],"wp:featuredmedia":[{"embeddable":true,"href":"https:\/\/btm.sk\/WP\/wp-json\/wp\/v2\/media\/4755"}],"wp:attachment":[{"href":"https:\/\/btm.sk\/WP\/wp-json\/wp\/v2\/media?parent=4765"}],"curies":[{"name":"wp","href":"https:\/\/api.w.org\/{rel}","templated":true}]}}