{"id":4580,"date":"2021-11-01T15:29:08","date_gmt":"2021-11-01T14:29:08","guid":{"rendered":"https:\/\/btm.sk\/WP\/?post_type=product&#038;p=4580"},"modified":"2025-02-10T16:25:41","modified_gmt":"2025-02-10T15:25:41","slug":"jezis-je-dar","status":"publish","type":"product","link":"https:\/\/btm.sk\/WP\/produkt\/jezis-je-dar\/","title":{"rendered":"Je\u017ei\u0161 je Dar"},"content":{"rendered":"","protected":false},"excerpt":{"rendered":"<p class=\"western\" align=\"left\"><span style=\"color: #1b1b1b;\"><span style=\"font-family: Arial, sans-serif;\"><span style=\"font-size: medium;\">My d\u00e1vame dary \u0161tedro a radi aspo\u0148 raz za rok, Je\u017ei\u0161ov\u00fdm \u017eivotom a smr\u0165ou sme v\u0161ak obdarovan\u00ed na cel\u00fd n\u00e1\u0161 \u017eivot, ba i na ve\u010dnos\u0165&#8230;<\/span><\/span><\/span><\/p>\n","protected":false},"featured_media":4560,"comment_status":"closed","ping_status":"closed","template":"","meta":[],"_links":{"self":[{"href":"https:\/\/btm.sk\/WP\/wp-json\/wp\/v2\/product\/4580"}],"collection":[{"href":"https:\/\/btm.sk\/WP\/wp-json\/wp\/v2\/product"}],"about":[{"href":"https:\/\/btm.sk\/WP\/wp-json\/wp\/v2\/types\/product"}],"replies":[{"embeddable":true,"href":"https:\/\/btm.sk\/WP\/wp-json\/wp\/v2\/comments?post=4580"}],"wp:featuredmedia":[{"embeddable":true,"href":"https:\/\/btm.sk\/WP\/wp-json\/wp\/v2\/media\/4560"}],"wp:attachment":[{"href":"https:\/\/btm.sk\/WP\/wp-json\/wp\/v2\/media?parent=4580"}],"curies":[{"name":"wp","href":"https:\/\/api.w.org\/{rel}","templated":true}]}}