{"id":4577,"date":"2021-11-01T15:24:43","date_gmt":"2021-11-01T14:24:43","guid":{"rendered":"https:\/\/btm.sk\/WP\/?post_type=product&#038;p=4577"},"modified":"2025-02-10T16:26:14","modified_gmt":"2025-02-10T15:26:14","slug":"boh-otvara-dvere","status":"publish","type":"product","link":"https:\/\/btm.sk\/WP\/produkt\/boh-otvara-dvere\/","title":{"rendered":"Boh otv\u00e1ra dvere&#8230;"},"content":{"rendered":"","protected":false},"excerpt":{"rendered":"<p class=\"western\" lang=\"en-US\"><span style=\"color: #1b1b1b;\"><span style=\"font-family: Arial, sans-serif;\"><span style=\"font-size: medium;\"><span lang=\"sk-SK\">Na Vianoce Boh otv\u00e1ra dvere, ktor\u00e9 n\u00e1s od neho odde\u013euj\u00fa a ktor\u00e9 sme si vlastnou vinou pribuchli. My sami<\/span><\/span><\/span><\/span><span style=\"color: #1b1b1b;\"><span style=\"font-family: Arial, sans-serif;\"><span style=\"font-size: medium;\"><span lang=\"sk-SK\"> ich toti\u017e nie s<\/span><\/span><\/span><\/span><span style=\"color: #1b1b1b;\"><span style=\"font-family: Arial, sans-serif;\"><span style=\"font-size: medium;\"><span lang=\"sk-SK\">me schopn\u00ed otvori\u0165 a navr\u00e1ti\u0165 sa k Bohu&#8230;<\/span><\/span><\/span><\/span><\/p>\n","protected":false},"featured_media":4563,"comment_status":"closed","ping_status":"closed","template":"","meta":[],"_links":{"self":[{"href":"https:\/\/btm.sk\/WP\/wp-json\/wp\/v2\/product\/4577"}],"collection":[{"href":"https:\/\/btm.sk\/WP\/wp-json\/wp\/v2\/product"}],"about":[{"href":"https:\/\/btm.sk\/WP\/wp-json\/wp\/v2\/types\/product"}],"replies":[{"embeddable":true,"href":"https:\/\/btm.sk\/WP\/wp-json\/wp\/v2\/comments?post=4577"}],"wp:featuredmedia":[{"embeddable":true,"href":"https:\/\/btm.sk\/WP\/wp-json\/wp\/v2\/media\/4563"}],"wp:attachment":[{"href":"https:\/\/btm.sk\/WP\/wp-json\/wp\/v2\/media?parent=4577"}],"curies":[{"name":"wp","href":"https:\/\/api.w.org\/{rel}","templated":true}]}}