{"id":4575,"date":"2021-11-01T15:20:31","date_gmt":"2021-11-01T14:20:31","guid":{"rendered":"https:\/\/btm.sk\/WP\/?post_type=product&#038;p=4575"},"modified":"2025-02-10T15:31:30","modified_gmt":"2025-02-10T14:31:30","slug":"narodil-sa-kristus-pan","status":"publish","type":"product","link":"https:\/\/btm.sk\/WP\/produkt\/narodil-sa-kristus-pan\/","title":{"rendered":"Narodil sa Kristus P\u00e1n"},"content":{"rendered":"","protected":false},"excerpt":{"rendered":"<p>Viano\u010dn\u00e1 magnetka s biblick\u00fdm ver\u0161om z Luk\u00e1\u0161a 2,11.<\/p>\n","protected":false},"featured_media":4552,"comment_status":"closed","ping_status":"closed","template":"","meta":[],"_links":{"self":[{"href":"https:\/\/btm.sk\/WP\/wp-json\/wp\/v2\/product\/4575"}],"collection":[{"href":"https:\/\/btm.sk\/WP\/wp-json\/wp\/v2\/product"}],"about":[{"href":"https:\/\/btm.sk\/WP\/wp-json\/wp\/v2\/types\/product"}],"replies":[{"embeddable":true,"href":"https:\/\/btm.sk\/WP\/wp-json\/wp\/v2\/comments?post=4575"}],"wp:featuredmedia":[{"embeddable":true,"href":"https:\/\/btm.sk\/WP\/wp-json\/wp\/v2\/media\/4552"}],"wp:attachment":[{"href":"https:\/\/btm.sk\/WP\/wp-json\/wp\/v2\/media?parent=4575"}],"curies":[{"name":"wp","href":"https:\/\/api.w.org\/{rel}","templated":true}]}}