{"id":4573,"date":"2021-11-01T15:18:05","date_gmt":"2021-11-01T14:18:05","guid":{"rendered":"https:\/\/btm.sk\/WP\/?post_type=product&#038;p=4573"},"modified":"2022-07-20T14:20:20","modified_gmt":"2022-07-20T12:20:20","slug":"ludske-obydlia","status":"publish","type":"product","link":"https:\/\/btm.sk\/WP\/produkt\/ludske-obydlia\/","title":{"rendered":"\u013eudsk\u00e9 obydlia"},"content":{"rendered":"","protected":false},"excerpt":{"rendered":"<p>Ma\u013eovanky pre deti &#8211; 10 listov A6 s r\u00f4znymi typmi \u013eudsk\u00fdch obydl\u00ed ur\u010den\u00fdch pre v\u0161etky \u0161ikovn\u00e9 deti. Jednotliv\u00e9 listy sa daj\u00fa pou\u017ei\u0165 aj ako poh\u013eadnice alebo obr\u00e1zky do detskej izby.<\/p>\n","protected":false},"featured_media":4558,"comment_status":"closed","ping_status":"closed","template":"","meta":[],"_links":{"self":[{"href":"https:\/\/btm.sk\/WP\/wp-json\/wp\/v2\/product\/4573"}],"collection":[{"href":"https:\/\/btm.sk\/WP\/wp-json\/wp\/v2\/product"}],"about":[{"href":"https:\/\/btm.sk\/WP\/wp-json\/wp\/v2\/types\/product"}],"replies":[{"embeddable":true,"href":"https:\/\/btm.sk\/WP\/wp-json\/wp\/v2\/comments?post=4573"}],"wp:featuredmedia":[{"embeddable":true,"href":"https:\/\/btm.sk\/WP\/wp-json\/wp\/v2\/media\/4558"}],"wp:attachment":[{"href":"https:\/\/btm.sk\/WP\/wp-json\/wp\/v2\/media?parent=4573"}],"curies":[{"name":"wp","href":"https:\/\/api.w.org\/{rel}","templated":true}]}}