{"id":4498,"date":"2021-10-04T20:01:12","date_gmt":"2021-10-04T18:01:12","guid":{"rendered":"https:\/\/btm.sk\/WP\/?post_type=product&#038;p=4498"},"modified":"2025-02-10T15:31:42","modified_gmt":"2025-02-10T14:31:42","slug":"toto-je-den-2","status":"publish","type":"product","link":"https:\/\/btm.sk\/WP\/produkt\/toto-je-den-2\/","title":{"rendered":"toto je de\u0148&#8230;"},"content":{"rendered":"","protected":false},"excerpt":{"rendered":"<p>Ob\u013e\u00faben\u00e1 magnetka s biblick\u00fdm ver\u0161om zo \u017dalmu 118,24.<\/p>\n","protected":false},"featured_media":4480,"comment_status":"closed","ping_status":"closed","template":"","meta":[],"_links":{"self":[{"href":"https:\/\/btm.sk\/WP\/wp-json\/wp\/v2\/product\/4498"}],"collection":[{"href":"https:\/\/btm.sk\/WP\/wp-json\/wp\/v2\/product"}],"about":[{"href":"https:\/\/btm.sk\/WP\/wp-json\/wp\/v2\/types\/product"}],"replies":[{"embeddable":true,"href":"https:\/\/btm.sk\/WP\/wp-json\/wp\/v2\/comments?post=4498"}],"wp:featuredmedia":[{"embeddable":true,"href":"https:\/\/btm.sk\/WP\/wp-json\/wp\/v2\/media\/4480"}],"wp:attachment":[{"href":"https:\/\/btm.sk\/WP\/wp-json\/wp\/v2\/media?parent=4498"}],"curies":[{"name":"wp","href":"https:\/\/api.w.org\/{rel}","templated":true}]}}