{"id":4412,"date":"2021-08-23T16:56:43","date_gmt":"2021-08-23T14:56:43","guid":{"rendered":"https:\/\/btm.sk\/WP\/?post_type=product&#038;p=4412"},"modified":"2025-02-10T16:38:29","modified_gmt":"2025-02-10T15:38:29","slug":"boze-nas","status":"publish","type":"product","link":"https:\/\/btm.sk\/WP\/produkt\/boze-nas\/","title":{"rendered":"Bo\u017ee n\u00e1\u0161&#8230;"},"content":{"rendered":"","protected":false},"excerpt":{"rendered":"<p>Poh\u013eadnica s kr\u00e1tkou modlitbou, prosbou o naplnenie n\u00e1\u0161ho srdca l\u00e1skou, aby bilo len pre Boha. S biblick\u00fdm ver\u0161om zo \u017ealmu 119,27.<\/p>\n","protected":false},"featured_media":4411,"comment_status":"closed","ping_status":"closed","template":"","meta":[],"_links":{"self":[{"href":"https:\/\/btm.sk\/WP\/wp-json\/wp\/v2\/product\/4412"}],"collection":[{"href":"https:\/\/btm.sk\/WP\/wp-json\/wp\/v2\/product"}],"about":[{"href":"https:\/\/btm.sk\/WP\/wp-json\/wp\/v2\/types\/product"}],"replies":[{"embeddable":true,"href":"https:\/\/btm.sk\/WP\/wp-json\/wp\/v2\/comments?post=4412"}],"wp:featuredmedia":[{"embeddable":true,"href":"https:\/\/btm.sk\/WP\/wp-json\/wp\/v2\/media\/4411"}],"wp:attachment":[{"href":"https:\/\/btm.sk\/WP\/wp-json\/wp\/v2\/media?parent=4412"}],"curies":[{"name":"wp","href":"https:\/\/api.w.org\/{rel}","templated":true}]}}