{"id":4360,"date":"2021-05-31T12:21:36","date_gmt":"2021-05-31T10:21:36","guid":{"rendered":"https:\/\/btm.sk\/WP\/?post_type=product&#038;p=4360"},"modified":"2025-01-24T15:03:25","modified_gmt":"2025-01-24T14:03:25","slug":"ahoj-2","status":"publish","type":"product","link":"https:\/\/btm.sk\/WP\/produkt\/ahoj-2\/","title":{"rendered":"AHOJ!"},"content":{"rendered":"","protected":false},"excerpt":{"rendered":"<p>Jeden z naj\u010dastej\u0161\u00edch pozdravov. Zdravia sa n\u00edm nielen deti, ale aj dospel\u00ed. Pozn\u00e1te jeho p\u00f4vodn\u00fd v\u00fdznam? (minipoh\u013eadnica)<\/p>\n","protected":false},"featured_media":4351,"comment_status":"closed","ping_status":"closed","template":"","meta":[],"_links":{"self":[{"href":"https:\/\/btm.sk\/WP\/wp-json\/wp\/v2\/product\/4360"}],"collection":[{"href":"https:\/\/btm.sk\/WP\/wp-json\/wp\/v2\/product"}],"about":[{"href":"https:\/\/btm.sk\/WP\/wp-json\/wp\/v2\/types\/product"}],"replies":[{"embeddable":true,"href":"https:\/\/btm.sk\/WP\/wp-json\/wp\/v2\/comments?post=4360"}],"wp:featuredmedia":[{"embeddable":true,"href":"https:\/\/btm.sk\/WP\/wp-json\/wp\/v2\/media\/4351"}],"wp:attachment":[{"href":"https:\/\/btm.sk\/WP\/wp-json\/wp\/v2\/media?parent=4360"}],"curies":[{"name":"wp","href":"https:\/\/api.w.org\/{rel}","templated":true}]}}