{"id":4300,"date":"2021-04-21T14:54:37","date_gmt":"2021-04-21T12:54:37","guid":{"rendered":"https:\/\/btm.sk\/WP\/?post_type=product&#038;p=4300"},"modified":"2025-01-24T15:03:58","modified_gmt":"2025-01-24T14:03:58","slug":"moja-mama","status":"publish","type":"product","link":"https:\/\/btm.sk\/WP\/produkt\/moja-mama\/","title":{"rendered":"moja mama"},"content":{"rendered":"","protected":false},"excerpt":{"rendered":"<p>Boh n\u00e1m dal najvernej\u0161ieho priate\u013ea, ak\u00e9ho len m\u00f4\u017eeme ma\u0165 \u2013 matku. Stoj\u00ed pri n\u00e1s aj v t\u00fdch naj\u0165a\u017e\u0161\u00edch \u017eivotn\u00fdch sk\u00fa\u0161kach&#8230; Minipoh\u013eadnica s kr\u00e1tkym textom &#8211; oslavou materinkej l\u00e1sky &#8211; a biblick\u00fdm ver\u0161om zo \u017dalmu 139,13.<\/p>\n","protected":false},"featured_media":4293,"comment_status":"closed","ping_status":"closed","template":"","meta":[],"_links":{"self":[{"href":"https:\/\/btm.sk\/WP\/wp-json\/wp\/v2\/product\/4300"}],"collection":[{"href":"https:\/\/btm.sk\/WP\/wp-json\/wp\/v2\/product"}],"about":[{"href":"https:\/\/btm.sk\/WP\/wp-json\/wp\/v2\/types\/product"}],"replies":[{"embeddable":true,"href":"https:\/\/btm.sk\/WP\/wp-json\/wp\/v2\/comments?post=4300"}],"wp:featuredmedia":[{"embeddable":true,"href":"https:\/\/btm.sk\/WP\/wp-json\/wp\/v2\/media\/4293"}],"wp:attachment":[{"href":"https:\/\/btm.sk\/WP\/wp-json\/wp\/v2\/media?parent=4300"}],"curies":[{"name":"wp","href":"https:\/\/api.w.org\/{rel}","templated":true}]}}