{"id":4262,"date":"2021-03-15T12:15:32","date_gmt":"2021-03-15T11:15:32","guid":{"rendered":"https:\/\/btm.sk\/WP\/?post_type=product&#038;p=4262"},"modified":"2024-02-08T18:10:49","modified_gmt":"2024-02-08T17:10:49","slug":"pozehnanie-2","status":"publish","type":"product","link":"https:\/\/btm.sk\/WP\/produkt\/pozehnanie-2\/","title":{"rendered":"po\u017eehnanie"},"content":{"rendered":"","protected":false},"excerpt":{"rendered":"<p>\u010eal\u0161ia z ob\u013e\u00faben\u00fdch modlitebn\u00fdch kociek &#8211; pln\u00e1 Bo\u017eieho po\u017eehnania a zas\u013e\u00faben\u00ed tak\u00fdch prepotrebn\u00fdch pre n\u00e1\u0161 ka\u017edodenn\u00fd \u017eivot.<\/p>\n","protected":false},"featured_media":4257,"comment_status":"closed","ping_status":"closed","template":"","meta":[],"_links":{"self":[{"href":"https:\/\/btm.sk\/WP\/wp-json\/wp\/v2\/product\/4262"}],"collection":[{"href":"https:\/\/btm.sk\/WP\/wp-json\/wp\/v2\/product"}],"about":[{"href":"https:\/\/btm.sk\/WP\/wp-json\/wp\/v2\/types\/product"}],"replies":[{"embeddable":true,"href":"https:\/\/btm.sk\/WP\/wp-json\/wp\/v2\/comments?post=4262"}],"wp:featuredmedia":[{"embeddable":true,"href":"https:\/\/btm.sk\/WP\/wp-json\/wp\/v2\/media\/4257"}],"wp:attachment":[{"href":"https:\/\/btm.sk\/WP\/wp-json\/wp\/v2\/media?parent=4262"}],"curies":[{"name":"wp","href":"https:\/\/api.w.org\/{rel}","templated":true}]}}