{"id":4260,"date":"2021-03-15T12:12:37","date_gmt":"2021-03-15T11:12:37","guid":{"rendered":"https:\/\/btm.sk\/WP\/?post_type=product&#038;p=4260"},"modified":"2025-02-10T15:47:37","modified_gmt":"2025-02-10T14:47:37","slug":"vlcica-uvaznena-v-zoo","status":"publish","type":"product","link":"https:\/\/btm.sk\/WP\/produkt\/vlcica-uvaznena-v-zoo\/","title":{"rendered":"Vl\u010dica uv\u00e4znen\u00e1 v ZOO"},"content":{"rendered":"","protected":false},"excerpt":{"rendered":"<p>Zdrav\u00e1 \u017eensk\u00e1 du\u0161a a vl\u010dica maj\u00fa spolo\u010dn\u00e9 psychick\u00e9 \u010drty: ostr\u00e9 vn\u00edmanie, hrav\u00e9ho ducha a silno vyvinut\u00fd cit pre oddanos\u0165. S\u00fa zvedav\u00e9, ve\u013emi vytrval\u00e9, siln\u00e9 a hlboko intuit\u00edvne. N\u00e1ru\u017eivo sa staraj\u00fa o svoje potomstvo, partnerov a cel\u00fa svorku. M\u00fadro sa prisp\u00f4sobuj\u00fa premenliv\u00fdm okolnostiam, s\u00fa nadmieru odoln\u00e9 a ve\u013emi stato\u010dn\u00e9. (Clarissa Pinkola Est\u00e9s)<\/p>\n","protected":false},"featured_media":4255,"comment_status":"closed","ping_status":"closed","template":"","meta":[],"_links":{"self":[{"href":"https:\/\/btm.sk\/WP\/wp-json\/wp\/v2\/product\/4260"}],"collection":[{"href":"https:\/\/btm.sk\/WP\/wp-json\/wp\/v2\/product"}],"about":[{"href":"https:\/\/btm.sk\/WP\/wp-json\/wp\/v2\/types\/product"}],"replies":[{"embeddable":true,"href":"https:\/\/btm.sk\/WP\/wp-json\/wp\/v2\/comments?post=4260"}],"wp:featuredmedia":[{"embeddable":true,"href":"https:\/\/btm.sk\/WP\/wp-json\/wp\/v2\/media\/4255"}],"wp:attachment":[{"href":"https:\/\/btm.sk\/WP\/wp-json\/wp\/v2\/media?parent=4260"}],"curies":[{"name":"wp","href":"https:\/\/api.w.org\/{rel}","templated":true}]}}