{"id":4220,"date":"2021-02-03T17:18:35","date_gmt":"2021-02-03T16:18:35","guid":{"rendered":"https:\/\/btm.sk\/WP\/?post_type=product&#038;p=4220"},"modified":"2025-02-10T15:32:07","modified_gmt":"2025-02-10T14:32:07","slug":"magnetka-vazka","status":"publish","type":"product","link":"https:\/\/btm.sk\/WP\/produkt\/magnetka-vazka\/","title":{"rendered":"magnetka &#8211; v\u00e1\u017eka"},"content":{"rendered":"","protected":false},"excerpt":{"rendered":"<p>\u010eal\u0161ia zo s\u00e9rie magnetiek s biblick\u00fdm ver\u0161om z listu \u017didom 13,5: Je\u017ei\u0161 povedal: Neopust\u00edm \u0165a, ani nezanech\u00e1m.<\/p>\n","protected":false},"featured_media":4219,"comment_status":"closed","ping_status":"closed","template":"","meta":[],"_links":{"self":[{"href":"https:\/\/btm.sk\/WP\/wp-json\/wp\/v2\/product\/4220"}],"collection":[{"href":"https:\/\/btm.sk\/WP\/wp-json\/wp\/v2\/product"}],"about":[{"href":"https:\/\/btm.sk\/WP\/wp-json\/wp\/v2\/types\/product"}],"replies":[{"embeddable":true,"href":"https:\/\/btm.sk\/WP\/wp-json\/wp\/v2\/comments?post=4220"}],"wp:featuredmedia":[{"embeddable":true,"href":"https:\/\/btm.sk\/WP\/wp-json\/wp\/v2\/media\/4219"}],"wp:attachment":[{"href":"https:\/\/btm.sk\/WP\/wp-json\/wp\/v2\/media?parent=4220"}],"curies":[{"name":"wp","href":"https:\/\/api.w.org\/{rel}","templated":true}]}}