{"id":4052,"date":"2020-10-30T15:18:38","date_gmt":"2020-10-30T14:18:38","guid":{"rendered":"https:\/\/btm.sk\/WP\/?post_type=product&#038;p=4052"},"modified":"2025-11-24T09:57:16","modified_gmt":"2025-11-24T08:57:16","slug":"podme-spolu-do-betlehema-2","status":"publish","type":"product","link":"https:\/\/btm.sk\/WP\/produkt\/podme-spolu-do-betlehema-2\/","title":{"rendered":"Po\u010fme spolu do Betlehema!"},"content":{"rendered":"","protected":false},"excerpt":{"rendered":"<p>Prerozpr\u00e1van\u00fd viano\u010dn\u00fd pr\u00edbeh s detskou pies\u0148ou Oj, Betlehem ty mali\u010dk\u00fd&#8230;<\/p>\n","protected":false},"featured_media":4053,"comment_status":"closed","ping_status":"closed","template":"","meta":[],"_links":{"self":[{"href":"https:\/\/btm.sk\/WP\/wp-json\/wp\/v2\/product\/4052"}],"collection":[{"href":"https:\/\/btm.sk\/WP\/wp-json\/wp\/v2\/product"}],"about":[{"href":"https:\/\/btm.sk\/WP\/wp-json\/wp\/v2\/types\/product"}],"replies":[{"embeddable":true,"href":"https:\/\/btm.sk\/WP\/wp-json\/wp\/v2\/comments?post=4052"}],"wp:featuredmedia":[{"embeddable":true,"href":"https:\/\/btm.sk\/WP\/wp-json\/wp\/v2\/media\/4053"}],"wp:attachment":[{"href":"https:\/\/btm.sk\/WP\/wp-json\/wp\/v2\/media?parent=4052"}],"curies":[{"name":"wp","href":"https:\/\/api.w.org\/{rel}","templated":true}]}}