{"id":4018,"date":"2020-10-24T11:53:59","date_gmt":"2020-10-24T09:53:59","guid":{"rendered":"https:\/\/btm.sk\/WP\/?post_type=product&#038;p=4018"},"modified":"2025-02-10T16:26:40","modified_gmt":"2025-02-10T15:26:40","slug":"mesias","status":"publish","type":"product","link":"https:\/\/btm.sk\/WP\/produkt\/mesias\/","title":{"rendered":"Mesi\u00e1\u0161"},"content":{"rendered":"","protected":false},"excerpt":{"rendered":"<p class=\"western\" lang=\"en-US\"><span style=\"font-family: Arial, sans-serif;\"><span lang=\"sk-SK\">Je\u017ei\u0161 pri\u0161iel medzi n\u00e1s a st\u00e1le je tu pr\u00edtomn\u00fd \u2013 prelamuje sa do tohto sveta, do n\u00e1\u0161ho \u017eivota, na\u0161ich my\u0161lienok a dot\u00fdka sa aj n\u00e1\u0161ho najhlb\u0161ieho vn\u00fatra. <\/span><\/span><span style=\"font-family: Arial, sans-serif;\"><span lang=\"sk-SK\">Viano\u010dn\u00e1 poh\u013eadnica.<\/span><\/span><\/p>\n","protected":false},"featured_media":4002,"comment_status":"closed","ping_status":"closed","template":"","meta":[],"_links":{"self":[{"href":"https:\/\/btm.sk\/WP\/wp-json\/wp\/v2\/product\/4018"}],"collection":[{"href":"https:\/\/btm.sk\/WP\/wp-json\/wp\/v2\/product"}],"about":[{"href":"https:\/\/btm.sk\/WP\/wp-json\/wp\/v2\/types\/product"}],"replies":[{"embeddable":true,"href":"https:\/\/btm.sk\/WP\/wp-json\/wp\/v2\/comments?post=4018"}],"wp:featuredmedia":[{"embeddable":true,"href":"https:\/\/btm.sk\/WP\/wp-json\/wp\/v2\/media\/4002"}],"wp:attachment":[{"href":"https:\/\/btm.sk\/WP\/wp-json\/wp\/v2\/media?parent=4018"}],"curies":[{"name":"wp","href":"https:\/\/api.w.org\/{rel}","templated":true}]}}