{"id":4017,"date":"2020-10-24T11:51:19","date_gmt":"2020-10-24T09:51:19","guid":{"rendered":"https:\/\/btm.sk\/WP\/?post_type=product&#038;p=4017"},"modified":"2025-02-10T16:26:51","modified_gmt":"2025-02-10T15:26:51","slug":"radostna-zvest","status":"publish","type":"product","link":"https:\/\/btm.sk\/WP\/produkt\/radostna-zvest\/","title":{"rendered":"radostn\u00e1 zves\u0165"},"content":{"rendered":"","protected":false},"excerpt":{"rendered":"<p class=\"western\" align=\"left\"><span style=\"font-family: Arial, sans-serif;\">Vianoce prin\u00e1\u0161aj\u00fa radostn\u00fa zves\u0165 do ka\u017ed\u00e9ho domova, ku ka\u017ed\u00e9mu stolu \u2013 zves\u0165 o naroden\u00ed n\u00e1\u0161ho vz\u00e1cneho Spasite\u013ea, Je\u017ei\u0161a Krista! Viano\u010dn\u00e1 poh\u013eadnica.<\/span><\/p>\n","protected":false},"featured_media":4001,"comment_status":"closed","ping_status":"closed","template":"","meta":[],"_links":{"self":[{"href":"https:\/\/btm.sk\/WP\/wp-json\/wp\/v2\/product\/4017"}],"collection":[{"href":"https:\/\/btm.sk\/WP\/wp-json\/wp\/v2\/product"}],"about":[{"href":"https:\/\/btm.sk\/WP\/wp-json\/wp\/v2\/types\/product"}],"replies":[{"embeddable":true,"href":"https:\/\/btm.sk\/WP\/wp-json\/wp\/v2\/comments?post=4017"}],"wp:featuredmedia":[{"embeddable":true,"href":"https:\/\/btm.sk\/WP\/wp-json\/wp\/v2\/media\/4001"}],"wp:attachment":[{"href":"https:\/\/btm.sk\/WP\/wp-json\/wp\/v2\/media?parent=4017"}],"curies":[{"name":"wp","href":"https:\/\/api.w.org\/{rel}","templated":true}]}}