{"id":4016,"date":"2020-10-24T11:46:50","date_gmt":"2020-10-24T09:46:50","guid":{"rendered":"https:\/\/btm.sk\/WP\/?post_type=product&#038;p=4016"},"modified":"2025-02-10T15:42:46","modified_gmt":"2025-02-10T14:42:46","slug":"zima-plna-zazrakov","status":"publish","type":"product","link":"https:\/\/btm.sk\/WP\/produkt\/zima-plna-zazrakov\/","title":{"rendered":"zima pln\u00e1 z\u00e1zrakov"},"content":{"rendered":"","protected":false},"excerpt":{"rendered":"<p>Samolepky pre deti, s biblick\u00fdmi ver\u0161ami zo \u017dalmu 74,16-17.<\/p>\n","protected":false},"featured_media":3999,"comment_status":"closed","ping_status":"closed","template":"","meta":[],"_links":{"self":[{"href":"https:\/\/btm.sk\/WP\/wp-json\/wp\/v2\/product\/4016"}],"collection":[{"href":"https:\/\/btm.sk\/WP\/wp-json\/wp\/v2\/product"}],"about":[{"href":"https:\/\/btm.sk\/WP\/wp-json\/wp\/v2\/types\/product"}],"replies":[{"embeddable":true,"href":"https:\/\/btm.sk\/WP\/wp-json\/wp\/v2\/comments?post=4016"}],"wp:featuredmedia":[{"embeddable":true,"href":"https:\/\/btm.sk\/WP\/wp-json\/wp\/v2\/media\/3999"}],"wp:attachment":[{"href":"https:\/\/btm.sk\/WP\/wp-json\/wp\/v2\/media?parent=4016"}],"curies":[{"name":"wp","href":"https:\/\/api.w.org\/{rel}","templated":true}]}}