{"id":4014,"date":"2020-10-24T11:42:57","date_gmt":"2020-10-24T09:42:57","guid":{"rendered":"https:\/\/btm.sk\/WP\/?post_type=product&#038;p=4014"},"modified":"2025-02-10T15:32:18","modified_gmt":"2025-02-10T14:32:18","slug":"traja-krali-magnetka","status":"publish","type":"product","link":"https:\/\/btm.sk\/WP\/produkt\/traja-krali-magnetka\/","title":{"rendered":"traja kr\u00e1li &#8211; magnetka"},"content":{"rendered":"","protected":false},"excerpt":{"rendered":"<p>Viano\u010dn\u00e1 magnetka s biblick\u00fdm ver\u0161om z 1. listu Timoteovi 1,15.<\/p>\n","protected":false},"featured_media":3996,"comment_status":"closed","ping_status":"closed","template":"","meta":[],"_links":{"self":[{"href":"https:\/\/btm.sk\/WP\/wp-json\/wp\/v2\/product\/4014"}],"collection":[{"href":"https:\/\/btm.sk\/WP\/wp-json\/wp\/v2\/product"}],"about":[{"href":"https:\/\/btm.sk\/WP\/wp-json\/wp\/v2\/types\/product"}],"replies":[{"embeddable":true,"href":"https:\/\/btm.sk\/WP\/wp-json\/wp\/v2\/comments?post=4014"}],"wp:featuredmedia":[{"embeddable":true,"href":"https:\/\/btm.sk\/WP\/wp-json\/wp\/v2\/media\/3996"}],"wp:attachment":[{"href":"https:\/\/btm.sk\/WP\/wp-json\/wp\/v2\/media?parent=4014"}],"curies":[{"name":"wp","href":"https:\/\/api.w.org\/{rel}","templated":true}]}}