{"id":3940,"date":"2020-10-01T12:01:34","date_gmt":"2020-10-01T10:01:34","guid":{"rendered":"https:\/\/btm.sk\/WP\/?post_type=product&#038;p=3940"},"modified":"2025-02-10T16:39:48","modified_gmt":"2025-02-10T15:39:48","slug":"domov","status":"publish","type":"product","link":"https:\/\/btm.sk\/WP\/produkt\/domov\/","title":{"rendered":"Domov&#8230;"},"content":{"rendered":"","protected":false},"excerpt":{"rendered":"<p>Kondolen\u010dn\u00e1 poh\u013eadnica s biblick\u00fdm ver\u0161om z ev. J\u00e1na 11,25 a kr\u00e1tkym textom o tom, ak\u00e1 vz\u00e1cna je pre Boha ka\u017ed\u00e1 \u013eudsk\u00e1 bytos\u0165.<\/p>\n","protected":false},"featured_media":3934,"comment_status":"closed","ping_status":"closed","template":"","meta":[],"_links":{"self":[{"href":"https:\/\/btm.sk\/WP\/wp-json\/wp\/v2\/product\/3940"}],"collection":[{"href":"https:\/\/btm.sk\/WP\/wp-json\/wp\/v2\/product"}],"about":[{"href":"https:\/\/btm.sk\/WP\/wp-json\/wp\/v2\/types\/product"}],"replies":[{"embeddable":true,"href":"https:\/\/btm.sk\/WP\/wp-json\/wp\/v2\/comments?post=3940"}],"wp:featuredmedia":[{"embeddable":true,"href":"https:\/\/btm.sk\/WP\/wp-json\/wp\/v2\/media\/3934"}],"wp:attachment":[{"href":"https:\/\/btm.sk\/WP\/wp-json\/wp\/v2\/media?parent=3940"}],"curies":[{"name":"wp","href":"https:\/\/api.w.org\/{rel}","templated":true}]}}