{"id":3878,"date":"2020-08-27T19:39:30","date_gmt":"2020-08-27T17:39:30","guid":{"rendered":"https:\/\/btm.sk\/WP\/?post_type=product&#038;p=3878"},"modified":"2025-02-10T16:40:02","modified_gmt":"2025-02-10T15:40:02","slug":"neboj-sa","status":"publish","type":"product","link":"https:\/\/btm.sk\/WP\/produkt\/neboj-sa\/","title":{"rendered":"Neboj sa!"},"content":{"rendered":"","protected":false},"excerpt":{"rendered":"<p>Poh\u013eadnica s povzbudzuj\u00facimi ver\u0161ami z proroka Izai\u00e1\u0161a 41,10 a 40,28-31.<\/p>\n","protected":false},"featured_media":3869,"comment_status":"closed","ping_status":"closed","template":"","meta":[],"_links":{"self":[{"href":"https:\/\/btm.sk\/WP\/wp-json\/wp\/v2\/product\/3878"}],"collection":[{"href":"https:\/\/btm.sk\/WP\/wp-json\/wp\/v2\/product"}],"about":[{"href":"https:\/\/btm.sk\/WP\/wp-json\/wp\/v2\/types\/product"}],"replies":[{"embeddable":true,"href":"https:\/\/btm.sk\/WP\/wp-json\/wp\/v2\/comments?post=3878"}],"wp:featuredmedia":[{"embeddable":true,"href":"https:\/\/btm.sk\/WP\/wp-json\/wp\/v2\/media\/3869"}],"wp:attachment":[{"href":"https:\/\/btm.sk\/WP\/wp-json\/wp\/v2\/media?parent=3878"}],"curies":[{"name":"wp","href":"https:\/\/api.w.org\/{rel}","templated":true}]}}