{"id":3823,"date":"2020-06-29T09:07:45","date_gmt":"2020-06-29T07:07:45","guid":{"rendered":"https:\/\/btm.sk\/WP\/?post_type=product&#038;p=3823"},"modified":"2025-02-10T15:32:29","modified_gmt":"2025-02-10T14:32:29","slug":"magnetka-psik","status":"publish","type":"product","link":"https:\/\/btm.sk\/WP\/produkt\/magnetka-psik\/","title":{"rendered":"magnetka &#8211; ps\u00edk"},"content":{"rendered":"","protected":false},"excerpt":{"rendered":"<p>Magnetka s biblick\u00fdm ver\u0161om z knihy Pr\u00edslov\u00ed 3,3.<\/p>\n","protected":false},"featured_media":3818,"comment_status":"closed","ping_status":"closed","template":"","meta":[],"_links":{"self":[{"href":"https:\/\/btm.sk\/WP\/wp-json\/wp\/v2\/product\/3823"}],"collection":[{"href":"https:\/\/btm.sk\/WP\/wp-json\/wp\/v2\/product"}],"about":[{"href":"https:\/\/btm.sk\/WP\/wp-json\/wp\/v2\/types\/product"}],"replies":[{"embeddable":true,"href":"https:\/\/btm.sk\/WP\/wp-json\/wp\/v2\/comments?post=3823"}],"wp:featuredmedia":[{"embeddable":true,"href":"https:\/\/btm.sk\/WP\/wp-json\/wp\/v2\/media\/3818"}],"wp:attachment":[{"href":"https:\/\/btm.sk\/WP\/wp-json\/wp\/v2\/media?parent=3823"}],"curies":[{"name":"wp","href":"https:\/\/api.w.org\/{rel}","templated":true}]}}