{"id":3822,"date":"2020-06-29T09:06:50","date_gmt":"2020-06-29T07:06:50","guid":{"rendered":"https:\/\/btm.sk\/WP\/?post_type=product&#038;p=3822"},"modified":"2020-08-27T19:37:34","modified_gmt":"2020-08-27T17:37:34","slug":"skupy-jazvec","status":"publish","type":"product","link":"https:\/\/btm.sk\/WP\/produkt\/skupy-jazvec\/","title":{"rendered":"sk\u00fapy jazvec"},"content":{"rendered":"","protected":false},"excerpt":{"rendered":"<p>\u010eal\u0161ia b\u00e1sni\u010dka O. Koudelovej s biblick\u00fdm ver\u0161om z knihy Pr\u00edslov\u00ed 22,9.<\/p>\n","protected":false},"featured_media":3814,"comment_status":"closed","ping_status":"closed","template":"","meta":[],"_links":{"self":[{"href":"https:\/\/btm.sk\/WP\/wp-json\/wp\/v2\/product\/3822"}],"collection":[{"href":"https:\/\/btm.sk\/WP\/wp-json\/wp\/v2\/product"}],"about":[{"href":"https:\/\/btm.sk\/WP\/wp-json\/wp\/v2\/types\/product"}],"replies":[{"embeddable":true,"href":"https:\/\/btm.sk\/WP\/wp-json\/wp\/v2\/comments?post=3822"}],"wp:featuredmedia":[{"embeddable":true,"href":"https:\/\/btm.sk\/WP\/wp-json\/wp\/v2\/media\/3814"}],"wp:attachment":[{"href":"https:\/\/btm.sk\/WP\/wp-json\/wp\/v2\/media?parent=3822"}],"curies":[{"name":"wp","href":"https:\/\/api.w.org\/{rel}","templated":true}]}}