{"id":3697,"date":"2020-02-23T11:08:23","date_gmt":"2020-02-23T10:08:23","guid":{"rendered":"https:\/\/btm.sk\/WP\/?post_type=product&#038;p=3697"},"modified":"2025-02-10T15:32:40","modified_gmt":"2025-02-10T14:32:40","slug":"kriz-magnetka","status":"publish","type":"product","link":"https:\/\/btm.sk\/WP\/produkt\/kriz-magnetka\/","title":{"rendered":"kr\u00ed\u017e &#8211; magnetka"},"content":{"rendered":"","protected":false},"excerpt":{"rendered":"<p>\u010eal\u0161ia n\u00e1dhern\u00e1 magnetka so zn\u00e1mym biblick\u00fdm ver\u0161om z J\u00e1novho evanjelia 3,16.<\/p>\n","protected":false},"featured_media":3692,"comment_status":"closed","ping_status":"closed","template":"","meta":[],"_links":{"self":[{"href":"https:\/\/btm.sk\/WP\/wp-json\/wp\/v2\/product\/3697"}],"collection":[{"href":"https:\/\/btm.sk\/WP\/wp-json\/wp\/v2\/product"}],"about":[{"href":"https:\/\/btm.sk\/WP\/wp-json\/wp\/v2\/types\/product"}],"replies":[{"embeddable":true,"href":"https:\/\/btm.sk\/WP\/wp-json\/wp\/v2\/comments?post=3697"}],"wp:featuredmedia":[{"embeddable":true,"href":"https:\/\/btm.sk\/WP\/wp-json\/wp\/v2\/media\/3692"}],"wp:attachment":[{"href":"https:\/\/btm.sk\/WP\/wp-json\/wp\/v2\/media?parent=3697"}],"curies":[{"name":"wp","href":"https:\/\/api.w.org\/{rel}","templated":true}]}}