{"id":3617,"date":"2020-01-15T12:39:29","date_gmt":"2020-01-15T11:39:29","guid":{"rendered":"https:\/\/btm.sk\/WP\/?post_type=product&#038;p=3617"},"modified":"2025-02-10T16:40:46","modified_gmt":"2025-02-10T15:40:46","slug":"ruka-lasky-ochrani-ma","status":"publish","type":"product","link":"https:\/\/btm.sk\/WP\/produkt\/ruka-lasky-ochrani-ma\/","title":{"rendered":"Ruka L\u00c1SKY ochr\u00e1ni ma&#8230;"},"content":{"rendered":"","protected":false},"excerpt":{"rendered":"<p>Poh\u013eadnica pre deti s ne\u017enou b\u00e1sni\u010dkou Janky Nagajovej a biblick\u00fdm ver\u0161om\u00a0zo 145 \u017ealmu. Poh\u013eadnica je vhodn\u00e1 aj ako detsk\u00e9 blaho\u017eelanie.<\/p>\n","protected":false},"featured_media":3615,"comment_status":"closed","ping_status":"closed","template":"","meta":[],"_links":{"self":[{"href":"https:\/\/btm.sk\/WP\/wp-json\/wp\/v2\/product\/3617"}],"collection":[{"href":"https:\/\/btm.sk\/WP\/wp-json\/wp\/v2\/product"}],"about":[{"href":"https:\/\/btm.sk\/WP\/wp-json\/wp\/v2\/types\/product"}],"replies":[{"embeddable":true,"href":"https:\/\/btm.sk\/WP\/wp-json\/wp\/v2\/comments?post=3617"}],"wp:featuredmedia":[{"embeddable":true,"href":"https:\/\/btm.sk\/WP\/wp-json\/wp\/v2\/media\/3615"}],"wp:attachment":[{"href":"https:\/\/btm.sk\/WP\/wp-json\/wp\/v2\/media?parent=3617"}],"curies":[{"name":"wp","href":"https:\/\/api.w.org\/{rel}","templated":true}]}}