{"id":3473,"date":"2019-10-26T22:46:55","date_gmt":"2019-10-26T20:46:55","guid":{"rendered":"https:\/\/btm.sk\/WP\/?post_type=product&#038;p=3473"},"modified":"2025-02-10T15:33:08","modified_gmt":"2025-02-10T14:33:08","slug":"vianocna-magnetka-lampas","status":"publish","type":"product","link":"https:\/\/btm.sk\/WP\/produkt\/vianocna-magnetka-lampas\/","title":{"rendered":"viano\u010dn\u00e1 magnetka &#8211; lamp\u00e1\u0161"},"content":{"rendered":"","protected":false},"excerpt":{"rendered":"<p>Viano\u010dn\u00e1 magnetka &#8211; lamp\u00e1\u0161 &#8211; s biblick\u00fdm\u00a0ver\u0161om z ev. J\u00e1na 12,46.<\/p>\n","protected":false},"featured_media":3457,"comment_status":"closed","ping_status":"closed","template":"","meta":[],"_links":{"self":[{"href":"https:\/\/btm.sk\/WP\/wp-json\/wp\/v2\/product\/3473"}],"collection":[{"href":"https:\/\/btm.sk\/WP\/wp-json\/wp\/v2\/product"}],"about":[{"href":"https:\/\/btm.sk\/WP\/wp-json\/wp\/v2\/types\/product"}],"replies":[{"embeddable":true,"href":"https:\/\/btm.sk\/WP\/wp-json\/wp\/v2\/comments?post=3473"}],"wp:featuredmedia":[{"embeddable":true,"href":"https:\/\/btm.sk\/WP\/wp-json\/wp\/v2\/media\/3457"}],"wp:attachment":[{"href":"https:\/\/btm.sk\/WP\/wp-json\/wp\/v2\/media?parent=3473"}],"curies":[{"name":"wp","href":"https:\/\/api.w.org\/{rel}","templated":true}]}}