{"id":3468,"date":"2019-10-26T22:35:41","date_gmt":"2019-10-26T20:35:41","guid":{"rendered":"https:\/\/btm.sk\/WP\/?post_type=product&#038;p=3468"},"modified":"2025-02-10T16:27:01","modified_gmt":"2025-02-10T15:27:01","slug":"naplneny-zivot","status":"publish","type":"product","link":"https:\/\/btm.sk\/WP\/produkt\/naplneny-zivot\/","title":{"rendered":"naplnen\u00fd \u017eivot"},"content":{"rendered":"","protected":false},"excerpt":{"rendered":"<p class=\"western\" lang=\"en-US\" align=\"LEFT\"><span style=\"font-family: Arial, sans-serif;\"><span style=\"font-size: medium;\">Je\u017ei\u0161 hovor\u00ed:<\/span><\/span><span style=\"font-family: Arial, sans-serif;\"><span style=\"font-size: medium;\"><i> &#8230;<\/i><\/span><\/span><span style=\"color: #050a30;\"><span style=\"font-family: Arial, sans-serif;\"><span style=\"font-size: medium;\"><i>ja som pri\u0161iel, aby mali \u017eivot, a to v hojnej miere<\/i><\/span><\/span><\/span><span style=\"font-family: Arial, sans-serif;\"><span style=\"font-size: medium;\"><i> (J\u00e1n 10,10). <\/i>Viano\u010dn\u00e1 poh\u013eadnica s kr\u00e1tkym textom a \u010fal\u0161\u00edm ver\u0161om z 1. J\u00e1na 4,9.<\/span><\/span><\/p>\n<p class=\"western\">\n","protected":false},"featured_media":3447,"comment_status":"closed","ping_status":"closed","template":"","meta":[],"_links":{"self":[{"href":"https:\/\/btm.sk\/WP\/wp-json\/wp\/v2\/product\/3468"}],"collection":[{"href":"https:\/\/btm.sk\/WP\/wp-json\/wp\/v2\/product"}],"about":[{"href":"https:\/\/btm.sk\/WP\/wp-json\/wp\/v2\/types\/product"}],"replies":[{"embeddable":true,"href":"https:\/\/btm.sk\/WP\/wp-json\/wp\/v2\/comments?post=3468"}],"wp:featuredmedia":[{"embeddable":true,"href":"https:\/\/btm.sk\/WP\/wp-json\/wp\/v2\/media\/3447"}],"wp:attachment":[{"href":"https:\/\/btm.sk\/WP\/wp-json\/wp\/v2\/media?parent=3468"}],"curies":[{"name":"wp","href":"https:\/\/api.w.org\/{rel}","templated":true}]}}