{"id":3405,"date":"2019-09-30T14:44:17","date_gmt":"2019-09-30T12:44:17","guid":{"rendered":"https:\/\/btm.sk\/WP\/?post_type=product&#038;p=3405"},"modified":"2025-02-10T15:33:19","modified_gmt":"2025-02-10T14:33:19","slug":"magnetka-hrozno","status":"publish","type":"product","link":"https:\/\/btm.sk\/WP\/produkt\/magnetka-hrozno\/","title":{"rendered":"magnetka &#8211; hrozno"},"content":{"rendered":"","protected":false},"excerpt":{"rendered":"<p>Magnetka s\u00a0biblick\u00fdm ver\u0161om z Galatsk\u00fdm 5,22.<\/p>\n","protected":false},"featured_media":3402,"comment_status":"closed","ping_status":"closed","template":"","meta":[],"_links":{"self":[{"href":"https:\/\/btm.sk\/WP\/wp-json\/wp\/v2\/product\/3405"}],"collection":[{"href":"https:\/\/btm.sk\/WP\/wp-json\/wp\/v2\/product"}],"about":[{"href":"https:\/\/btm.sk\/WP\/wp-json\/wp\/v2\/types\/product"}],"replies":[{"embeddable":true,"href":"https:\/\/btm.sk\/WP\/wp-json\/wp\/v2\/comments?post=3405"}],"wp:featuredmedia":[{"embeddable":true,"href":"https:\/\/btm.sk\/WP\/wp-json\/wp\/v2\/media\/3402"}],"wp:attachment":[{"href":"https:\/\/btm.sk\/WP\/wp-json\/wp\/v2\/media?parent=3405"}],"curies":[{"name":"wp","href":"https:\/\/api.w.org\/{rel}","templated":true}]}}