{"id":3307,"date":"2019-06-02T22:44:40","date_gmt":"2019-06-02T20:44:40","guid":{"rendered":"https:\/\/btm.sk\/WP\/?post_type=product&#038;p=3307"},"modified":"2021-08-23T19:04:21","modified_gmt":"2021-08-23T17:04:21","slug":"zalozky-pre-deti-malovanky","status":"publish","type":"product","link":"https:\/\/btm.sk\/WP\/produkt\/zalozky-pre-deti-malovanky\/","title":{"rendered":"z\u00e1lo\u017eky pre deti &#8211; ma\u013eovanky"},"content":{"rendered":"","protected":false},"excerpt":{"rendered":"<p>Jednoduch\u00e9 z\u00e1lo\u017eky s biblick\u00fdm ver\u0161om s\u00fa ur\u010den\u00e9 pre deti &#8211;\u00a0m\u00f4\u017eu si ich vyfarbi\u0165 pod\u013ea svojej predstavy, a potom jednotliv\u00e9\u00a0z\u00e1lo\u017eky pod\u013ea \u010diar vystrihn\u00fa\u0165. A maj\u00fa hotov\u00fd mal\u00fd dar\u010dek pre\u00a0svojich kamar\u00e1tov!<\/p>\n","protected":false},"featured_media":3301,"comment_status":"closed","ping_status":"closed","template":"","meta":[],"_links":{"self":[{"href":"https:\/\/btm.sk\/WP\/wp-json\/wp\/v2\/product\/3307"}],"collection":[{"href":"https:\/\/btm.sk\/WP\/wp-json\/wp\/v2\/product"}],"about":[{"href":"https:\/\/btm.sk\/WP\/wp-json\/wp\/v2\/types\/product"}],"replies":[{"embeddable":true,"href":"https:\/\/btm.sk\/WP\/wp-json\/wp\/v2\/comments?post=3307"}],"wp:featuredmedia":[{"embeddable":true,"href":"https:\/\/btm.sk\/WP\/wp-json\/wp\/v2\/media\/3301"}],"wp:attachment":[{"href":"https:\/\/btm.sk\/WP\/wp-json\/wp\/v2\/media?parent=3307"}],"curies":[{"name":"wp","href":"https:\/\/api.w.org\/{rel}","templated":true}]}}