{"id":3306,"date":"2019-06-02T22:42:19","date_gmt":"2019-06-02T20:42:19","guid":{"rendered":"https:\/\/btm.sk\/WP\/?post_type=product&#038;p=3306"},"modified":"2025-02-10T15:33:30","modified_gmt":"2025-02-10T14:33:30","slug":"magnetka-margaretka","status":"publish","type":"product","link":"https:\/\/btm.sk\/WP\/produkt\/magnetka-margaretka\/","title":{"rendered":"magnetka &#8211; margar\u00e9tka"},"content":{"rendered":"","protected":false},"excerpt":{"rendered":"<p>Magnetka s biblick\u00fdm ver\u0161om z Mat\u00fa\u0161ovho evanjelia 5,8.<\/p>\n","protected":false},"featured_media":3298,"comment_status":"closed","ping_status":"closed","template":"","meta":[],"_links":{"self":[{"href":"https:\/\/btm.sk\/WP\/wp-json\/wp\/v2\/product\/3306"}],"collection":[{"href":"https:\/\/btm.sk\/WP\/wp-json\/wp\/v2\/product"}],"about":[{"href":"https:\/\/btm.sk\/WP\/wp-json\/wp\/v2\/types\/product"}],"replies":[{"embeddable":true,"href":"https:\/\/btm.sk\/WP\/wp-json\/wp\/v2\/comments?post=3306"}],"wp:featuredmedia":[{"embeddable":true,"href":"https:\/\/btm.sk\/WP\/wp-json\/wp\/v2\/media\/3298"}],"wp:attachment":[{"href":"https:\/\/btm.sk\/WP\/wp-json\/wp\/v2\/media?parent=3306"}],"curies":[{"name":"wp","href":"https:\/\/api.w.org\/{rel}","templated":true}]}}