{"id":3305,"date":"2019-06-02T22:41:13","date_gmt":"2019-06-02T20:41:13","guid":{"rendered":"https:\/\/btm.sk\/WP\/?post_type=product&#038;p=3305"},"modified":"2025-02-10T15:27:36","modified_gmt":"2025-02-10T14:27:36","slug":"miluj-blizneho-svojho","status":"publish","type":"product","link":"https:\/\/btm.sk\/WP\/produkt\/miluj-blizneho-svojho\/","title":{"rendered":"Miluj bl\u00ed\u017eneho svojho!"},"content":{"rendered":"","protected":false},"excerpt":{"rendered":"<p>\u010clovek bol stvoren\u00fd ako bytos\u0165 spolo\u010densk\u00e1. A to m\u00e1 svoje klady aj z\u00e1pory. Medzi\u00a0negat\u00edva patria na\u0161e falo\u0161n\u00e9 predstavy o t\u00fdch druh\u00fdch. A ich nedokonalosti a sklamania,\u00a0ktor\u00e9 n\u00e1m sp\u00f4sobuj\u00fa, by n\u00e1s mali n\u00fati\u0165 nemilova\u0165 ich \u201epocitovou\u201c l\u00e1skou, ale\u00a0l\u00e1skou, ktor\u00e1 vych\u00e1dza z n\u00e1\u0161ho rozhodnutia\u00a0sa pre \u0148u, l\u00e1skou, ktor\u00e1 je ve\u013ekorys\u00e1&#8230;<\/p>\n","protected":false},"featured_media":3299,"comment_status":"closed","ping_status":"closed","template":"","meta":[],"_links":{"self":[{"href":"https:\/\/btm.sk\/WP\/wp-json\/wp\/v2\/product\/3305"}],"collection":[{"href":"https:\/\/btm.sk\/WP\/wp-json\/wp\/v2\/product"}],"about":[{"href":"https:\/\/btm.sk\/WP\/wp-json\/wp\/v2\/types\/product"}],"replies":[{"embeddable":true,"href":"https:\/\/btm.sk\/WP\/wp-json\/wp\/v2\/comments?post=3305"}],"wp:featuredmedia":[{"embeddable":true,"href":"https:\/\/btm.sk\/WP\/wp-json\/wp\/v2\/media\/3299"}],"wp:attachment":[{"href":"https:\/\/btm.sk\/WP\/wp-json\/wp\/v2\/media?parent=3305"}],"curies":[{"name":"wp","href":"https:\/\/api.w.org\/{rel}","templated":true}]}}