{"id":3304,"date":"2019-06-02T22:37:48","date_gmt":"2019-06-02T20:37:48","guid":{"rendered":"https:\/\/btm.sk\/WP\/?post_type=product&#038;p=3304"},"modified":"2025-02-10T16:41:37","modified_gmt":"2025-02-10T15:41:37","slug":"bozie-deti","status":"publish","type":"product","link":"https:\/\/btm.sk\/WP\/produkt\/bozie-deti\/","title":{"rendered":"Bo\u017eie deti"},"content":{"rendered":"","protected":false},"excerpt":{"rendered":"<p>Poh\u013eadnica pre deti s biblick\u00fdm ver\u0161om z ev.\u00a0J\u00e1na 1,12 a ne\u017enou b\u00e1s\u0148ou Janky Nagajovej.<\/p>\n","protected":false},"featured_media":3300,"comment_status":"closed","ping_status":"closed","template":"","meta":[],"_links":{"self":[{"href":"https:\/\/btm.sk\/WP\/wp-json\/wp\/v2\/product\/3304"}],"collection":[{"href":"https:\/\/btm.sk\/WP\/wp-json\/wp\/v2\/product"}],"about":[{"href":"https:\/\/btm.sk\/WP\/wp-json\/wp\/v2\/types\/product"}],"replies":[{"embeddable":true,"href":"https:\/\/btm.sk\/WP\/wp-json\/wp\/v2\/comments?post=3304"}],"wp:featuredmedia":[{"embeddable":true,"href":"https:\/\/btm.sk\/WP\/wp-json\/wp\/v2\/media\/3300"}],"wp:attachment":[{"href":"https:\/\/btm.sk\/WP\/wp-json\/wp\/v2\/media?parent=3304"}],"curies":[{"name":"wp","href":"https:\/\/api.w.org\/{rel}","templated":true}]}}