{"id":3275,"date":"2019-04-09T20:22:52","date_gmt":"2019-04-09T18:22:52","guid":{"rendered":"https:\/\/btm.sk\/WP\/?post_type=product&#038;p=3275"},"modified":"2019-08-23T16:23:41","modified_gmt":"2019-08-23T14:23:41","slug":"univerzalna-darcekova-skatulka","status":"publish","type":"product","link":"https:\/\/btm.sk\/WP\/produkt\/univerzalna-darcekova-skatulka\/","title":{"rendered":"univerz\u00e1lna dar\u010dekov\u00e1 \u0161katu\u013eka"},"content":{"rendered":"","protected":false},"excerpt":{"rendered":"<p>T\u00e1to \u0161katu\u013eka je vhodn\u00e1 na v\u0161etky sl\u00e1vnostn\u00e9 pr\u00edle\u017eitosti. Jej\u00a03D podobu z\u00edskate tak, \u017ee ju vyl\u00fapnete z archu, na vyzna\u010denom\u00a0mieste zlep\u00edte, a potom jednoducho ohnete obl\u00e9\u00a0okraje. A u\u017e len vlo\u017ei\u0165 drobn\u00fd dar\u010dek \ud83d\ude42<\/p>\n","protected":false},"featured_media":3266,"comment_status":"closed","ping_status":"closed","template":"","meta":[],"_links":{"self":[{"href":"https:\/\/btm.sk\/WP\/wp-json\/wp\/v2\/product\/3275"}],"collection":[{"href":"https:\/\/btm.sk\/WP\/wp-json\/wp\/v2\/product"}],"about":[{"href":"https:\/\/btm.sk\/WP\/wp-json\/wp\/v2\/types\/product"}],"replies":[{"embeddable":true,"href":"https:\/\/btm.sk\/WP\/wp-json\/wp\/v2\/comments?post=3275"}],"wp:featuredmedia":[{"embeddable":true,"href":"https:\/\/btm.sk\/WP\/wp-json\/wp\/v2\/media\/3266"}],"wp:attachment":[{"href":"https:\/\/btm.sk\/WP\/wp-json\/wp\/v2\/media?parent=3275"}],"curies":[{"name":"wp","href":"https:\/\/api.w.org\/{rel}","templated":true}]}}