{"id":3274,"date":"2019-04-09T20:21:14","date_gmt":"2019-04-09T18:21:14","guid":{"rendered":"https:\/\/btm.sk\/WP\/?post_type=product&#038;p=3274"},"modified":"2019-06-02T22:46:40","modified_gmt":"2019-06-02T20:46:40","slug":"uslachtile-delfiny","status":"publish","type":"product","link":"https:\/\/btm.sk\/WP\/produkt\/uslachtile-delfiny\/","title":{"rendered":"u\u0161\u013eachtil\u00e9 delf\u00edny"},"content":{"rendered":"","protected":false},"excerpt":{"rendered":"<p>Vesel\u00e1 b\u00e1sni\u010dka O. Koudelovej o \u0161antiv\u00fdch delf\u00ednoch s biblick\u00fdm ver\u0161om z Galatsk\u00fdm 5,13.<\/p>\n","protected":false},"featured_media":3269,"comment_status":"closed","ping_status":"closed","template":"","meta":[],"_links":{"self":[{"href":"https:\/\/btm.sk\/WP\/wp-json\/wp\/v2\/product\/3274"}],"collection":[{"href":"https:\/\/btm.sk\/WP\/wp-json\/wp\/v2\/product"}],"about":[{"href":"https:\/\/btm.sk\/WP\/wp-json\/wp\/v2\/types\/product"}],"replies":[{"embeddable":true,"href":"https:\/\/btm.sk\/WP\/wp-json\/wp\/v2\/comments?post=3274"}],"wp:featuredmedia":[{"embeddable":true,"href":"https:\/\/btm.sk\/WP\/wp-json\/wp\/v2\/media\/3269"}],"wp:attachment":[{"href":"https:\/\/btm.sk\/WP\/wp-json\/wp\/v2\/media?parent=3274"}],"curies":[{"name":"wp","href":"https:\/\/api.w.org\/{rel}","templated":true}]}}