{"id":3202,"date":"2019-02-23T14:56:37","date_gmt":"2019-02-23T13:56:37","guid":{"rendered":"https:\/\/btm.sk\/WP\/?post_type=product&#038;p=3202"},"modified":"2025-02-10T16:14:31","modified_gmt":"2025-02-10T15:14:31","slug":"nadej-ukryta-v-krizi","status":"publish","type":"product","link":"https:\/\/btm.sk\/WP\/produkt\/nadej-ukryta-v-krizi\/","title":{"rendered":"n\u00e1dej ukryt\u00e1 v kr\u00ed\u017ei"},"content":{"rendered":"","protected":false},"excerpt":{"rendered":"<p>Ve\u013ek\u00e1 noc je oslavou Je\u017ei\u0161ovej smrti na kr\u00ed\u017ei a jeho vzkriesenia. Pripom\u00edna n\u00e1m\u00a0v\u00fdznam obete v prospech druh\u00fdch a hlavne to, \u017ee smr\u0165 nie je kone\u010dnou bodkou za\u00a0\u013eudsk\u00fdm \u017eivotom, ale \u017ee v nej m\u00e1me n\u00e1dej prechodu do nov\u00e9ho \u017eivota, ktor\u00fd n\u00e1m\u00a0otvoril pr\u00e1ve Je\u017ei\u0161.<\/p>\n","protected":false},"featured_media":3203,"comment_status":"closed","ping_status":"closed","template":"","meta":[],"_links":{"self":[{"href":"https:\/\/btm.sk\/WP\/wp-json\/wp\/v2\/product\/3202"}],"collection":[{"href":"https:\/\/btm.sk\/WP\/wp-json\/wp\/v2\/product"}],"about":[{"href":"https:\/\/btm.sk\/WP\/wp-json\/wp\/v2\/types\/product"}],"replies":[{"embeddable":true,"href":"https:\/\/btm.sk\/WP\/wp-json\/wp\/v2\/comments?post=3202"}],"wp:featuredmedia":[{"embeddable":true,"href":"https:\/\/btm.sk\/WP\/wp-json\/wp\/v2\/media\/3203"}],"wp:attachment":[{"href":"https:\/\/btm.sk\/WP\/wp-json\/wp\/v2\/media?parent=3202"}],"curies":[{"name":"wp","href":"https:\/\/api.w.org\/{rel}","templated":true}]}}