{"id":3008,"date":"2018-10-28T22:17:26","date_gmt":"2018-10-28T21:17:26","guid":{"rendered":"https:\/\/btm.sk\/WP\/?post_type=product&#038;p=3008"},"modified":"2025-02-10T15:34:01","modified_gmt":"2025-02-10T14:34:01","slug":"magneticka-zalozka-do-knihy-kvety","status":"publish","type":"product","link":"https:\/\/btm.sk\/WP\/produkt\/magneticka-zalozka-do-knihy-kvety\/","title":{"rendered":"magnetick\u00e1 z\u00e1lo\u017eka do knihy &#8211; kvety"},"content":{"rendered":"","protected":false},"excerpt":{"rendered":"<p>\u010eal\u0161ia zo s\u00e9rie magnetiek, tento raz nov\u00e1 magnetick\u00e1 z\u00e1lo\u017eka do knihy s biblick\u00fdmi\u00a0ver\u0161ami zo \u017dalmu 19,2-3.<\/p>\n","protected":false},"featured_media":2994,"comment_status":"closed","ping_status":"closed","template":"","meta":[],"_links":{"self":[{"href":"https:\/\/btm.sk\/WP\/wp-json\/wp\/v2\/product\/3008"}],"collection":[{"href":"https:\/\/btm.sk\/WP\/wp-json\/wp\/v2\/product"}],"about":[{"href":"https:\/\/btm.sk\/WP\/wp-json\/wp\/v2\/types\/product"}],"replies":[{"embeddable":true,"href":"https:\/\/btm.sk\/WP\/wp-json\/wp\/v2\/comments?post=3008"}],"wp:featuredmedia":[{"embeddable":true,"href":"https:\/\/btm.sk\/WP\/wp-json\/wp\/v2\/media\/2994"}],"wp:attachment":[{"href":"https:\/\/btm.sk\/WP\/wp-json\/wp\/v2\/media?parent=3008"}],"curies":[{"name":"wp","href":"https:\/\/api.w.org\/{rel}","templated":true}]}}