{"id":3006,"date":"2018-10-28T22:13:14","date_gmt":"2018-10-28T21:13:14","guid":{"rendered":"https:\/\/btm.sk\/WP\/?post_type=product&#038;p=3006"},"modified":"2025-02-10T15:39:31","modified_gmt":"2025-02-10T14:39:31","slug":"zvieratka-slavia-vianoce","status":"publish","type":"product","link":"https:\/\/btm.sk\/WP\/produkt\/zvieratka-slavia-vianoce\/","title":{"rendered":"zvieratk\u00e1 sl\u00e1via Vianoce"},"content":{"rendered":"","protected":false},"excerpt":{"rendered":"<p>Ver\u0161ovan\u00e1 vyma\u013eov\u00e1nka pre najmen\u0161\u00edch. Autorkou b\u00e1sni\u010diek je Old\u0159i\u0161ka Koudelov\u00e1,\u00a0obr\u00e1zky nakreslila Vlasta \u0160vejdov\u00e1.<\/p>\n","protected":false},"featured_media":2992,"comment_status":"closed","ping_status":"closed","template":"","meta":[],"_links":{"self":[{"href":"https:\/\/btm.sk\/WP\/wp-json\/wp\/v2\/product\/3006"}],"collection":[{"href":"https:\/\/btm.sk\/WP\/wp-json\/wp\/v2\/product"}],"about":[{"href":"https:\/\/btm.sk\/WP\/wp-json\/wp\/v2\/types\/product"}],"replies":[{"embeddable":true,"href":"https:\/\/btm.sk\/WP\/wp-json\/wp\/v2\/comments?post=3006"}],"wp:featuredmedia":[{"embeddable":true,"href":"https:\/\/btm.sk\/WP\/wp-json\/wp\/v2\/media\/2992"}],"wp:attachment":[{"href":"https:\/\/btm.sk\/WP\/wp-json\/wp\/v2\/media?parent=3006"}],"curies":[{"name":"wp","href":"https:\/\/api.w.org\/{rel}","templated":true}]}}