{"id":2915,"date":"2018-09-28T12:43:48","date_gmt":"2018-09-28T10:43:48","guid":{"rendered":"https:\/\/btm.sk\/WP\/?post_type=product&#038;p=2915"},"modified":"2025-02-10T15:34:15","modified_gmt":"2025-02-10T14:34:15","slug":"magnetka-labute","status":"publish","type":"product","link":"https:\/\/btm.sk\/WP\/produkt\/magnetka-labute\/","title":{"rendered":"magnetka &#8211; labute"},"content":{"rendered":"","protected":false},"excerpt":{"rendered":"<p>Magnetka (rozmery 5&#215;6 cm) &#8211; s biblick\u00fdm ver\u0161om z 2. listu Tesalonick\u00fdm 3,16.<\/p>\n","protected":false},"featured_media":2916,"comment_status":"closed","ping_status":"closed","template":"","meta":[],"_links":{"self":[{"href":"https:\/\/btm.sk\/WP\/wp-json\/wp\/v2\/product\/2915"}],"collection":[{"href":"https:\/\/btm.sk\/WP\/wp-json\/wp\/v2\/product"}],"about":[{"href":"https:\/\/btm.sk\/WP\/wp-json\/wp\/v2\/types\/product"}],"replies":[{"embeddable":true,"href":"https:\/\/btm.sk\/WP\/wp-json\/wp\/v2\/comments?post=2915"}],"wp:featuredmedia":[{"embeddable":true,"href":"https:\/\/btm.sk\/WP\/wp-json\/wp\/v2\/media\/2916"}],"wp:attachment":[{"href":"https:\/\/btm.sk\/WP\/wp-json\/wp\/v2\/media?parent=2915"}],"curies":[{"name":"wp","href":"https:\/\/api.w.org\/{rel}","templated":true}]}}